{"id":111,"date":"2018-02-06T15:51:40","date_gmt":"2018-02-06T15:51:40","guid":{"rendered":"http:\/\/dev.innsbruckinternational.com\/?page_id=111"},"modified":"2018-02-06T16:04:23","modified_gmt":"2018-02-06T16:04:23","slug":"privacy-cookies-policy","status":"publish","type":"page","link":"https:\/\/2018.innsbruckinternational.com\/de\/privacy-cookies-policy\/","title":{"rendered":"Privacy &#038; Cookies Policy"},"content":{"rendered":"<p>[vc_row][vc_column][vc_column_text]<\/p>\n<h1 class=\"u-h3 u-c-theme u-push-btm-quarter\">Aufkl\u00e4rungsschreiben im Sinne des Gesetzesvertretenden Dekretes vom 30.06.2003 &#8222;Datenschutzkodex&#8220;<\/h1>\n<p>In Sinne des Art. 13 des Gesetzesvertretenden Dekrets Nr. 196 vom 30. Juni 2003 INFORMIEREN wir dar\u00fcber, dass unsere Gesellschaft Gretl am See GmbH\/Seehotel Ambach die pers\u00f6nlichen Daten von Kunden und Lieferanten, sowie Personen verarbeitet, die unserem Verkaufsb\u00fcro oder der Gesch\u00e4ftsleitung ihre Personalien willentlich (telefonisch, per Fax oder per E-Mail) mitteilen, sowie Personen, deren Daten durch Dritte, zum Beispiel bei der Erfassung von externen Daten f\u00fcr gesch\u00e4ftliche Informationen, \u00f6ffentlichen Verzeichnissen usw. \u00fcbernommen wurden, wobei es sich im letzteren Fall ausschlie\u00dflich um pers\u00f6nliche Daten gemeiner\/gew\u00f6hnlicher Art und Natur handelt.<\/p>\n<p>&nbsp;<\/p>\n<p>Unsere Gesellschaft garantiert im Rahmen der gesetzlichen Vorgaben, dass die Verarbeitung der pers\u00f6nlichen Daten unter Ber\u00fccksichtigung der grundlegenden Rechte und Freiheiten sowie der W\u00fcrde des Betroffenen mit besonderem Bezug auf die Geheimhaltung, die pers\u00f6nliche Identit\u00e4t und das Recht auf Schutz der pers\u00f6nlichen Daten erfolgt.<\/p>\n<p>&nbsp;<\/p>\n<h2>Ziel- und Zweckstellungen bei der Datenverarbeitung:<\/h2>\n<p>Erf\u00fcllung von gesetzlichen Pflichten, Pflichten aus Verordnungen, Gemeinschaftsnormen sowie zivil- und steuerrechtlichen Gesetzen<\/p>\n<p>Erf\u00fcllung eventueller vertraglicher Verpflichtungen gegen\u00fcber dem Betroffenen<\/p>\n<p>Erf\u00fcllung von T\u00e4tigkeiten in Verbindung mit der Gesch\u00e4ftst\u00e4tigkeit unserer Gesellschaft wie das Ausf\u00fcllen von internen Statistiken, zur Rechnungslegung sowie zur F\u00fchrung der Kunden-\/Lieferantenbuchhaltung<\/p>\n<p>Zielstellungen gesch\u00e4ftlicher Art wie die Zusendung von Gesch\u00e4ftsinformationen und Werbematerial (per Post, Fax und E-Mail), Marketing und Marktuntersuchungen<\/p>\n<p>Schutz der Forderungen und Verwaltung der Verbindlichkeiten<\/p>\n<p>Zielstellungen hinsichtlich Versicherungen, insbesondere Kreditversicherungen<\/p>\n<p>In Bezug auf die oben angegebenen Zielstellungen werden Ihre pers\u00f6nlichen Daten bei Bedarf weitergeleitet:<\/p>\n<p>an die \u00f6ffentlichen Verwaltungen und Beh\u00f6rden, wenn dies gesetzlich vorgesehen ist<\/p>\n<p>an Kreditinstitute, mit denen unsere Firma Gesch\u00e4ftsbeziehungen zur Verwaltung von Forderungen\/Verbindlichkeiten und zur Finanzierungsvermittlung unterh\u00e4lt<\/p>\n<p>an alle jenen nat\u00fcrlichen und\/oder juristischen, \u00f6ffentlichen und\/oder privaten Personen (Rechts-, Verwaltungs- und Steuerberatungsb\u00fcros, Gerichte, Handelskammern usw.), wenn sich die Weiterleitung als notwendig oder zur Aus\u00fcbung unserer T\u00e4tigkeit zweckdienlich erweist sowie auf die oben angegebene Art und Weise mit den entsprechenden Zielstellungen<\/p>\n<p>&nbsp;<\/p>\n<h2>Transportfirmen<\/h2>\n<p>Die von unserer Gesellschaft verarbeiteten pers\u00f6nlichen Daten unterliegen keiner Verbreitung.<\/p>\n<p>Die Datenverarbeitung kann mit oder ohne Hilfe elektronischer, auf jeden Fall automatischer Mittel erfolgen und umfasst alle im Art. 4, Absatz 1, Buchstabe a des Gesetzesvertretenden Dekretes Nr. 196 vom 30. Juni 2003 vorgesehenen und f\u00fcr die betreffende Datenverarbeitung erforderlichen Vorg\u00e4nge. In jedem Fall wird die Datenverarbeitung unter Einhaltung aller Sicherheitsma\u00dfnahmen durchgef\u00fchrt, die deren Sicherheit und Geheimhaltung gew\u00e4hrleisten.<\/p>\n<p>Das Datenschutzgesetz verleiht den Betroffenen die M\u00f6glichkeit zur Aus\u00fcbung bestimmter Rechte gem\u00e4\u00df Art. 7. Im einzelnen hat er das Recht zu wissen welche pers\u00f6nlichen Daten der Inhaber \u00fcber ihn besitzt und dar\u00fcber Auskunft zu erhalten, ob Daten \u00fcber ihn vorhanden sind, auch wenn sie noch nicht gespeichert sind und in verst\u00e4ndlicher Form n\u00e4here Angaben \u00fcber diese Daten, Herkunft und den Grund und Zweck ihrer Verarbeitung zu erfahren, sowie Angaben \u00fcber Inhaber und Verantwortlichen der Verarbeitung und Personen und Kategorien von Personen denen diese Daten m\u00f6glicherweise \u00fcbermittelt werden. Der Betroffene hat das Recht seine Daten zu best\u00e4tigen und zu kontrollieren, zu berichtigen und zu erg\u00e4nzen, zu beantragen, dass die Daten gel\u00f6scht, gesperrt und in anonyme Daten umgewandelt werden falls die Verarbeitung gegen die gesetzlichen Bestimmungen verst\u00f6\u00dft. Er hat das Recht sich aus gerechtfertigten Grund g\u00e4nzlich oder zum Teil der Verarbeitung seiner Daten zu widersetzten, sowie ihre L\u00f6schung, Sperrung, Umwandlung in anonyme Daten zu verlangen und ohne gerechtfertigten Grund, wenn Daten zum Zwecke der Handelsinformation, des Versands von Werbematerial, des Direktverkaufs, zu Markt und Meinungsforschung verwendet werden.<\/p>\n<p>Die gegenst\u00e4ndlichen Rechte k\u00f6nnen seitens des Betroffenen oder einer von ihm beauftragten Person, mittels Anfrage an den Verantwortlichen XXXXXXXXXXXXXXX geltend gemacht werden.<\/p>\n<p>Der Inhaber der Datenverarbeitung ist:<br \/>\nXXXXXXXXXXXXXX[\/vc_column_text][\/vc_column][\/vc_row]<\/p>","protected":false},"excerpt":{"rendered":"<p>[vc_row][vc_column][vc_column_text] Aufkl\u00e4rungsschreiben im Sinne des Gesetzesvertretenden Dekretes vom 30.06.2003 &#8222;Datenschutzkodex&#8220; In Sinne des Art. 13 des Gesetzesvertretenden Dekrets Nr. 196 vom 30. Juni 2003 INFORMIEREN wir dar\u00fcber, dass unsere Gesellschaft Gretl am See GmbH\/Seehotel Ambach die pers\u00f6nlichen Daten von Kunden und Lieferanten, sowie Personen verarbeitet, die unserem Verkaufsb\u00fcro oder der Gesch\u00e4ftsleitung ihre Personalien willentlich (telefonisch, [&hellip;]<\/p>\n","protected":false},"author":1,"featured_media":0,"parent":0,"menu_order":0,"comment_status":"closed","ping_status":"closed","template":"","meta":{"footnotes":""},"class_list":["post-111","page","type-page","status-publish","hentry"],"_links":{"self":[{"href":"https:\/\/2018.innsbruckinternational.com\/de\/wp-json\/wp\/v2\/pages\/111","targetHints":{"allow":["GET"]}}],"collection":[{"href":"https:\/\/2018.innsbruckinternational.com\/de\/wp-json\/wp\/v2\/pages"}],"about":[{"href":"https:\/\/2018.innsbruckinternational.com\/de\/wp-json\/wp\/v2\/types\/page"}],"author":[{"embeddable":true,"href":"https:\/\/2018.innsbruckinternational.com\/de\/wp-json\/wp\/v2\/users\/1"}],"replies":[{"embeddable":true,"href":"https:\/\/2018.innsbruckinternational.com\/de\/wp-json\/wp\/v2\/comments?post=111"}],"version-history":[{"count":10,"href":"https:\/\/2018.innsbruckinternational.com\/de\/wp-json\/wp\/v2\/pages\/111\/revisions"}],"predecessor-version":[{"id":121,"href":"https:\/\/2018.innsbruckinternational.com\/de\/wp-json\/wp\/v2\/pages\/111\/revisions\/121"}],"wp:attachment":[{"href":"https:\/\/2018.innsbruckinternational.com\/de\/wp-json\/wp\/v2\/media?parent=111"}],"curies":[{"name":"wp","href":"https:\/\/api.w.org\/{rel}","templated":true}]}}