{"id":6,"date":"2018-01-26T08:45:47","date_gmt":"2018-01-26T08:45:47","guid":{"rendered":"http:\/\/dev.innsbruckinternational.com\/?page_id=6"},"modified":"2018-03-09T08:30:48","modified_gmt":"2018-03-09T08:30:48","slug":"innsbruck-international-is-a-contemporary-biennial-of-the-arts-that-invites-international-artists","status":"publish","type":"page","link":"https:\/\/2018.innsbruckinternational.com\/de\/","title":{"rendered":"Startseite"},"content":{"rendered":"<p>Innsbruck International ist eine Biennale der zeitgen\u00f6ssischen Kunst, die internationale K\u00fcnstler*innen nach Innsbruck einl\u00e4dt, um die Stadt an au\u00dfergew\u00f6hnlichen historischen sowie zeitgen\u00f6ssischen Orten mit bildender Kunst, Film- und Soundarbeiten, sowie Performances und Installationen zu bespielen. 2018 findet die Biennale unter dem Motto \u201eAgents of Social Change\u201c von 10. bis 25. M\u00e4rz statt. Neben zehn Spielorten mit Ausstellungen liegt der Schwerpunkt auf performativen Highlights.<br \/>\n<\/p>","protected":false},"excerpt":{"rendered":"<p>Innsbruck International ist eine Biennale der zeitgen\u00f6ssischen Kunst, die internationale K\u00fcnstler*innen nach Innsbruck einl\u00e4dt, um die Stadt an au\u00dfergew\u00f6hnlichen historischen sowie zeitgen\u00f6ssischen Orten mit bildender Kunst, Film- und Soundarbeiten, sowie Performances und Installationen zu bespielen. 2018 findet die Biennale unter dem Motto \u201eAgents of Social Change\u201c von 10. bis 25. M\u00e4rz statt. Neben zehn Spielorten [&hellip;]<\/p>\n","protected":false},"author":1,"featured_media":0,"parent":0,"menu_order":0,"comment_status":"closed","ping_status":"closed","template":"page_home.php","meta":{"footnotes":""},"class_list":["post-6","page","type-page","status-publish","hentry"],"_links":{"self":[{"href":"https:\/\/2018.innsbruckinternational.com\/de\/wp-json\/wp\/v2\/pages\/6","targetHints":{"allow":["GET"]}}],"collection":[{"href":"https:\/\/2018.innsbruckinternational.com\/de\/wp-json\/wp\/v2\/pages"}],"about":[{"href":"https:\/\/2018.innsbruckinternational.com\/de\/wp-json\/wp\/v2\/types\/page"}],"author":[{"embeddable":true,"href":"https:\/\/2018.innsbruckinternational.com\/de\/wp-json\/wp\/v2\/users\/1"}],"replies":[{"embeddable":true,"href":"https:\/\/2018.innsbruckinternational.com\/de\/wp-json\/wp\/v2\/comments?post=6"}],"version-history":[{"count":14,"href":"https:\/\/2018.innsbruckinternational.com\/de\/wp-json\/wp\/v2\/pages\/6\/revisions"}],"predecessor-version":[{"id":499,"href":"https:\/\/2018.innsbruckinternational.com\/de\/wp-json\/wp\/v2\/pages\/6\/revisions\/499"}],"wp:attachment":[{"href":"https:\/\/2018.innsbruckinternational.com\/de\/wp-json\/wp\/v2\/media?parent=6"}],"curies":[{"name":"wp","href":"https:\/\/api.w.org\/{rel}","templated":true}]}}